{"id":1713,"date":"2024-11-23T09:03:33","date_gmt":"2024-11-23T07:03:33","guid":{"rendered":"https:\/\/qrmuisto.fi\/?post_type=product&#038;p=1713"},"modified":"2025-04-03T11:27:16","modified_gmt":"2025-04-03T08:27:16","slug":"festligt-partypaket-med-qr-koder-kopio","status":"publish","type":"product","link":"https:\/\/qrmuisto.fi\/sv\/product\/festligt-partypaket-med-qr-koder-kopio\/","title":{"rendered":"QR-minne Digital"},"content":{"rendered":"<h2 data-pm-slice=\"1 1 []\">QR-app f\u00f6r br\u00f6llop och fester: spara de b\u00e4sta \u00f6gonblicken med QR Memory Digital<\/h2>\n<p>De mest v\u00e4rdefulla \u00f6gonblicken f\u00f6rtj\u00e4nar att delas, och QR Memory Digital g\u00f6r det enkelt! Med v\u00e5r digitala QR-kod kan du inkludera en unik l\u00e4nk p\u00e5 inbjudningskort, br\u00f6llopsprogram eller annat evenemangsmaterial &#8211; vilket ger en personlig touch som hj\u00e4lper till att f\u00e5nga och bevara varje minne av din speciella dag.<\/p>\n<p>Oavsett om det \u00e4r inbjudningar som du skapar i Canva eller n\u00e5got annat verktyg, l\u00e4gg bara till din egen QR-kod och bjud in g\u00e4sterna att dela sitt foto och h\u00e4lsningar i g\u00e4stboken.<\/p>\n<p>Applikationens funktioner:<\/p>\n<ul>\n<li>Spara foton och videor<\/li>\n<li>G\u00e4stbok d\u00e4r g\u00e4sterna kan l\u00e4gga till foton och h\u00e4lsningar<\/li>\n<li>Din ber\u00e4ttelse &#8211; svara p\u00e5 fr\u00e5gor eller skapa egna fr\u00e5gor f\u00f6r att dela med dig av och dokumentera din ber\u00e4ttelse<\/li>\n<li>Admin: skyddad sida eller offentlig du best\u00e4mmer<\/li>\n<\/ul>\n<h3><strong>Erbjudande under begr\u00e4nsad tid<\/strong> Nu endast 59 \u20ac.<\/h3>\n<p><strong>S\u00e5 h\u00e4r fungerar det:<\/strong> p\u00e5 din stora dag tar dina g\u00e4ster massor av foton och videor, nu kan de ladda upp dem direkt till din minnessida. Med QR Memory Digital kan du se till att inget \u00f6gonblick gl\u00f6ms bort.<\/p>\n<p><strong>Dela din QR-kod<\/strong> digitalt eller skriv ut den p\u00e5 inbjudningarna, s\u00e5 att g\u00e4sterna kan komma \u00e5t din evenemangssida och ladda upp sitt foto och meddelande. Allt finns p\u00e5 ett st\u00e4lle, vilket g\u00f6r det l\u00e4tt att komma ih\u00e5g varje skratt, t\u00e5r och leende.<\/p>\n<p>Du <strong>best\u00e4mmer<\/strong> Du har full kontroll \u00f6ver din minnesplats. Du kan best\u00e4mma om du vill publicera dina inl\u00e4gg och foton omedelbart eller om du vill ha ditt godk\u00e4nnande &#8211; det \u00e4r helt upp till dig.<\/p>\n<h3><strong>Varf\u00f6r QR Memory Digital?<\/strong><\/h3>\n<ul data-spread=\"false\">\n<li>Enkelt deltagande f\u00f6r g\u00e4sterna via en digital QR-kod.<\/li>\n<li>L\u00e4tt att l\u00e4gga till i inbjudningar som du skapar i Canva eller andra plattformar.<\/li>\n<li>Fullst\u00e4ndig integritetskontroll: godk\u00e4nn inneh\u00e5ll innan du delar det.<\/li>\n<li>Inga appar eller inloggningar kr\u00e4vs av bes\u00f6kare.<\/li>\n<li>En personlig minnessida f\u00f6r att bevara minnena av din h\u00e4ndelse.<\/li>\n<\/ul>\n<h4><strong>Skapa eviga minnen, utan anstr\u00e4ngning<\/strong><\/h4>\n<p>QR Souvenir Digital hj\u00e4lper till att g\u00f6ra ditt evenemang till ett best\u00e5ende minne som \u00e4r l\u00e4tt att dela och alltid tillg\u00e4ngligt. G\u00e4sterna kan skanna din unika QR-kod och ladda upp foton och meddelanden och p\u00e5 s\u00e5 s\u00e4tt bidra till att skapa ett vackert gemensamt minne &#8211; genom att anv\u00e4nda apparna eller skapa ett konto. <\/p>\n<h4><strong>Ignorera inte \u00f6gonblicken<\/strong><\/h4>\n<p>Oavsett om det \u00e4r ett br\u00f6llop, en \u00e5rsdag eller n\u00e5got annat firande, ser QR Memory Digital till att varje speciellt \u00f6gonblick f\u00e5ngas och delas, s\u00e5 att du och dina n\u00e4ra och k\u00e4ra kan njuta av det i m\u00e5nga \u00e5r fram\u00f6ver.<\/p>\n<h4><strong>Best\u00e4ll din idag<\/strong><\/h4>\n<p>Ta del av v\u00e5r exklusiva julkampanj &#8211; endast 49 euro + 5 euro i frakt (inkl. moms). Skapa minnen som varar f\u00f6r evigt med QR Memory Digital. <\/p>\n<p>&nbsp;<\/p>\n","protected":false},"excerpt":{"rendered":"<p data-pm-slice=\"1 1 []\">Spela enkelt in dina viktigaste \u00f6gonblick med QR Memory Digital. En digital QR-kod som du kan f\u00e4sta p\u00e5 inbjudningskort och program hj\u00e4lper dig att samla alla dina minnen p\u00e5 ett st\u00e4lle, enkelt och snyggt. G\u00e4sterna kan skanna koden och l\u00e4gga till sina egna foton och h\u00e4lsningar, vilket g\u00f6r varje \u00f6gonblick till ett vackert minne.  <\/p>\n","protected":false},"featured_media":2356,"comment_status":"open","ping_status":"closed","template":"","meta":{"_kad_blocks_custom_css":"","_kad_blocks_head_custom_js":"","_kad_blocks_body_custom_js":"","_kad_blocks_footer_custom_js":"","_kadence_starter_templates_imported_post":false,"_kad_post_transparent":"default","_kad_post_title":"","_kad_post_layout":"default","_kad_post_sidebar_id":"","_kad_post_content_style":"default","_kad_post_vertical_padding":"default","_kad_post_feature":"","_kad_post_feature_position":"","_kad_post_header":false,"_kad_post_footer":false,"_kad_post_classname":""},"product_brand":[],"product_cat":[49],"product_tag":[126,127,125,123,124],"class_list":{"0":"post-1713","1":"product","2":"type-product","3":"status-publish","4":"has-post-thumbnail","6":"product_cat-qr-minnesmarken-festlig-sida","7":"product_tag-ansokan-for-brollop","8":"product_tag-fotoapp-for-brollop","9":"product_tag-qr-kod","10":"product_tag-qr-kod-app","11":"product_tag-qr-kod-for-brollop","13":"first","14":"instock","15":"sale","16":"taxable","17":"shipping-taxable","18":"purchasable","19":"product-type-simple","20":"entry","21":"content-bg","22":"loop-entry"},"taxonomy_info":{"product_cat":[{"value":49,"label":"QR Minnesm\u00e4rken Festlig sida"}],"product_tag":[{"value":126,"label":"ans\u00f6kan f\u00f6r br\u00f6llop"},{"value":127,"label":"fotoapp f\u00f6r br\u00f6llop"},{"value":125,"label":"qr-kod"},{"value":123,"label":"QR-kod app"},{"value":124,"label":"qr-kod f\u00f6r br\u00f6llop"}]},"featured_image_src_large":["https:\/\/qrmuisto.fi\/wp-content\/uploads\/2025\/03\/6-768x1024.webp",768,1024,true],"author_info":[],"comment_info":0,"_links":{"self":[{"href":"https:\/\/qrmuisto.fi\/sv\/wp-json\/wp\/v2\/product\/1713","targetHints":{"allow":["GET"]}}],"collection":[{"href":"https:\/\/qrmuisto.fi\/sv\/wp-json\/wp\/v2\/product"}],"about":[{"href":"https:\/\/qrmuisto.fi\/sv\/wp-json\/wp\/v2\/types\/product"}],"replies":[{"embeddable":true,"href":"https:\/\/qrmuisto.fi\/sv\/wp-json\/wp\/v2\/comments?post=1713"}],"wp:featuredmedia":[{"embeddable":true,"href":"https:\/\/qrmuisto.fi\/sv\/wp-json\/wp\/v2\/media\/2356"}],"wp:attachment":[{"href":"https:\/\/qrmuisto.fi\/sv\/wp-json\/wp\/v2\/media?parent=1713"}],"wp:term":[{"taxonomy":"product_brand","embeddable":true,"href":"https:\/\/qrmuisto.fi\/sv\/wp-json\/wp\/v2\/product_brand?post=1713"},{"taxonomy":"product_cat","embeddable":true,"href":"https:\/\/qrmuisto.fi\/sv\/wp-json\/wp\/v2\/product_cat?post=1713"},{"taxonomy":"product_tag","embeddable":true,"href":"https:\/\/qrmuisto.fi\/sv\/wp-json\/wp\/v2\/product_tag?post=1713"}],"curies":[{"name":"wp","href":"https:\/\/api.w.org\/{rel}","templated":true}]}}