{"id":1705,"date":"2024-11-23T08:48:55","date_gmt":"2024-11-23T06:48:55","guid":{"rendered":"https:\/\/qrmuisto.fi\/product\/festligt-partypaket-med-qr-koder\/"},"modified":"2025-09-01T04:12:48","modified_gmt":"2025-09-01T01:12:48","slug":"festsida-brollop-fest-qr-kod","status":"publish","type":"product","link":"https:\/\/qrmuisto.fi\/sv\/product\/festsida-brollop-fest-qr-kod\/","title":{"rendered":"Festligt partypaket med QR-koder"},"content":{"rendered":"<h3 data-pm-slice=\"1 1 []\">Spela in \u00f6gonblicken i ditt liv med ett QR-minne<\/h3>\n<p>Speciella \u00f6gonblick f\u00f6rtj\u00e4nar att bli ih\u00e5gkomna f\u00f6r alltid, och QR Memory g\u00f6r det enkelt. Den vackert f\u00f6rpackade presentf\u00f6rpackningen, som inneh\u00e5ller tv\u00e5 QR-koder i slitstark PVC, g\u00f6r att du enkelt kan lagra och dela med dig av dina br\u00f6llops- eller festminnen.<\/p>\n<p>P\u00e5 eller efter festen kan familj och v\u00e4nner enkelt komma \u00e5t din minnessida genom att skanna QR-koden &#8211; inga appar, inga justeringar!<\/p>\n<p><a href=\"https:\/\/app.qrmuisto.fi\/m\/5569\"><strong>G\u00e5 till partiets demosida h\u00e4r<\/strong><\/a><\/p>\n<p>&nbsp;<\/p>\n<h4><strong>S\u00e5 h\u00e4r fungerar det<\/strong><\/h4>\n<p>P\u00e5 din stora dag kommer dina g\u00e4ster att ta massor av foton och videor. Med QR Memory beh\u00f6ver du inte l\u00e4ngre oroa dig f\u00f6r att missa ett v\u00e4rdefullt \u00f6gonblick.<\/p>\n<p>Nu beh\u00f6ver du inte be om foton och du beh\u00f6ver inte dela ut dyra eng\u00e5ngskameror p\u00e5 ditt br\u00f6llop! Dela bara din QR-kod med dina g\u00e4ster s\u00e5 att de kan komma \u00e5t din evenemangssida och l\u00e4gga till sina foton och meddelanden direkt. Allt finns p\u00e5 ett st\u00e4lle, v\u00e4lj bara ut och publicera de b\u00e4sta bilderna om du vill! Och tillsammans kan ni beundra budskapen i \u00e5ratal efter br\u00f6llopet och firandet!<\/p>\n<h4><strong>Fullst\u00e4ndig integritet &#8211; du best\u00e4mmer<\/strong><\/h4>\n<p>Som administrat\u00f6r best\u00e4mmer du hur du vill att minnessidan ska hanteras. Du kan v\u00e4lja om du vill publicera dina meddelanden och foton omedelbart eller f\u00f6rst efter ditt godk\u00e4nnande, s\u00e5 att dina minnen blir s\u00e5 intima eller delade som du vill. Din s\u00e4kerhet \u00e4r v\u00e5r prioritet! Uppgifterna lagras p\u00e5 en finsk server och s\u00e4kerhetskopior tas dagligen.   <\/p>\n<h4><strong>Varf\u00f6r QR-minne?<\/strong><\/h4>\n<ul data-spread=\"false\">\n<li>Enkel och problemfri uppladdning av foton f\u00f6r g\u00e4sterna.<\/li>\n<li>Vacker presentf\u00f6rpackning med tv\u00e5 h\u00e5llbara QR-koder.<\/li>\n<li>Sekretesshantering: godk\u00e4nn inneh\u00e5ll innan du publicerar och delar det.<\/li>\n<li>Inga appar eller g\u00e4stinloggningar.<\/li>\n<li>En helt personlig minnessida f\u00f6r ditt evenemang.<\/li>\n<\/ul>\n<h4><strong>L\u00e5t dina minnen vara f\u00f6r evigt<\/strong><\/h4>\n<p>Med QR Memory kan du skapa en vacker minnessida som samlar alla vackra \u00f6gonblick fr\u00e5n ditt firande p\u00e5 ett st\u00e4lle. G\u00e4sterna skannar QR-koden, laddar upp sitt foto och sin video och deltar i skapandet av ett gemensamt minne &#8211; utan appar, inloggningar eller kr\u00e5ngel. Det \u00e4r ett enkelt och elegant s\u00e4tt att samla alla dina v\u00e4rdefulla minnen.  <\/p>\n<h4><strong>L\u00e5t inte minnena blekna<\/strong><\/h4>\n<p>S\u00e4rskilda \u00f6gonblick, som br\u00f6llop och fester, intr\u00e4ffar bara en g\u00e5ng. Med QR Memory kan du se till att varje leende, kram och gl\u00e4djetjut f\u00e5ngas och bevaras &#8211; enkelt att dela och beundra av alla. QR imaging \u00e4r superpopul\u00e4rt och vi erbjuder dig den b\u00e4sta inhemska versionen!<\/p>\n<p>&nbsp;<\/p>\n","protected":false},"excerpt":{"rendered":"<h2 data-pm-slice=\"1 1 []\">Spara varje \u00f6gonblick som ett QR-minne med en presentf\u00f6rpackning<\/h2>\n<p>QR Memory Gift Box g\u00f6r det enkelt och vackert att f\u00e5nga speciella \u00f6gonblick. Det \u00e4r ocks\u00e5 en bra <strong>id\u00e9 till br\u00f6llopspresent!<\/strong> F\u00f6rutom <strong>din egen festsida<\/strong> inneh\u00e5ller leveransen tv\u00e5 <strong>QR-koder<\/strong> i h\u00e5llbar PVC i en snygg <strong>presentf\u00f6rpackning<\/strong>, s\u00e5 att du enkelt kan samla in och dela med dig av festminnen. G\u00e4sterna kan enkelt komma \u00e5t minnessidan genom att skanna koden och kan l\u00e4gga till foton och h\u00e4lsningar och skapa v\u00e4rdefulla minnen tillsammans. Du kan ocks\u00e5 l\u00e4gga till en digital QR-kod p\u00e5 bordskort och inbjudningskort, vilket g\u00f6r det enkelt f\u00f6r g\u00e4sterna att komma \u00e5t minnessidan.   <\/p>\n","protected":false},"featured_media":2359,"comment_status":"open","ping_status":"closed","template":"","meta":{"_kad_blocks_custom_css":"","_kad_blocks_head_custom_js":"","_kad_blocks_body_custom_js":"","_kad_blocks_footer_custom_js":"","_kadence_starter_templates_imported_post":false,"_kad_post_transparent":"default","_kad_post_title":"","_kad_post_layout":"default","_kad_post_sidebar_id":"","_kad_post_content_style":"default","_kad_post_vertical_padding":"default","_kad_post_feature":"","_kad_post_feature_position":"","_kad_post_header":false,"_kad_post_footer":false,"_kad_post_classname":""},"product_brand":[],"product_cat":[49],"product_tag":[69,68,66,65,67,64],"class_list":{"0":"post-1705","1":"product","2":"type-product","3":"status-publish","4":"has-post-thumbnail","6":"product_cat-qr-minnesmarken-festlig-sida","7":"product_tag-brollopsfotograf","8":"product_tag-brollopsfoton","9":"product_tag-en-presentide","10":"product_tag-ide-till-en-rostgava","11":"product_tag-ideer-till-brollopspresenter","12":"product_tag-qr-plakett","14":"first","15":"instock","16":"sale","17":"taxable","18":"shipping-taxable","19":"purchasable","20":"product-type-variable","21":"has-default-attributes","22":"entry","23":"content-bg","24":"loop-entry"},"taxonomy_info":{"product_cat":[{"value":49,"label":"QR Minnesm\u00e4rken Festlig sida"}],"product_tag":[{"value":69,"label":"br\u00f6llopsfotograf"},{"value":68,"label":"br\u00f6llopsfoton"},{"value":66,"label":"en presentid\u00e9"},{"value":65,"label":"id\u00e9 till en r\u00f6stg\u00e5va"},{"value":67,"label":"id\u00e9er till br\u00f6llopspresenter"},{"value":64,"label":"qr-plakett"}]},"featured_image_src_large":["https:\/\/qrmuisto.fi\/wp-content\/uploads\/2024\/11\/3-768x1024.webp",768,1024,true],"author_info":[],"comment_info":0,"_links":{"self":[{"href":"https:\/\/qrmuisto.fi\/sv\/wp-json\/wp\/v2\/product\/1705","targetHints":{"allow":["GET"]}}],"collection":[{"href":"https:\/\/qrmuisto.fi\/sv\/wp-json\/wp\/v2\/product"}],"about":[{"href":"https:\/\/qrmuisto.fi\/sv\/wp-json\/wp\/v2\/types\/product"}],"replies":[{"embeddable":true,"href":"https:\/\/qrmuisto.fi\/sv\/wp-json\/wp\/v2\/comments?post=1705"}],"wp:featuredmedia":[{"embeddable":true,"href":"https:\/\/qrmuisto.fi\/sv\/wp-json\/wp\/v2\/media\/2359"}],"wp:attachment":[{"href":"https:\/\/qrmuisto.fi\/sv\/wp-json\/wp\/v2\/media?parent=1705"}],"wp:term":[{"taxonomy":"product_brand","embeddable":true,"href":"https:\/\/qrmuisto.fi\/sv\/wp-json\/wp\/v2\/product_brand?post=1705"},{"taxonomy":"product_cat","embeddable":true,"href":"https:\/\/qrmuisto.fi\/sv\/wp-json\/wp\/v2\/product_cat?post=1705"},{"taxonomy":"product_tag","embeddable":true,"href":"https:\/\/qrmuisto.fi\/sv\/wp-json\/wp\/v2\/product_tag?post=1705"}],"curies":[{"name":"wp","href":"https:\/\/api.w.org\/{rel}","templated":true}]}}