{"id":1683,"date":"2024-08-28T18:14:25","date_gmt":"2024-08-28T15:14:25","guid":{"rendered":"https:\/\/qrmuisto.fi\/product\/qr-kod-minnessticka-2-st\/"},"modified":"2026-04-22T19:11:54","modified_gmt":"2026-04-22T16:11:54","slug":"qr-kod-minnessida","status":"publish","type":"product","link":"https:\/\/qrmuisto.fi\/sv\/product\/qr-kod-minnessida\/","title":{"rendered":"QR minnesbricka i en presentf\u00f6rpackning"},"content":{"rendered":"<h3 data-pm-slice=\"1 1 []\"><strong>QR Minnessida och minnesplatta &#8211; L\u00e5t minnena vara f\u00f6r evigt<\/strong><\/h3>\n<p><strong>Bevara de b\u00e4sta minnena f\u00f6r alltid<\/strong><\/p>\n<p>QR Memory Page \u00e4r den perfekta l\u00f6sningen n\u00e4r du vill bevara och dela med dig av de viktigaste minnena fr\u00e5n dina n\u00e4ra och k\u00e4ra p\u00e5 ett enkelt och vackert s\u00e4tt. Leveransen inkluderar tv\u00e5 v\u00e4derbest\u00e4ndiga QR-kodplaketter och en vacker presentf\u00f6rpackning. Du f\u00e5r ocks\u00e5 en egen minnessida d\u00e4r du enkelt kan l\u00e4gga till foton, videor och meddelanden. En minnessida \u00e4r en plats d\u00e4r vackra minnen bevaras och d\u00e4r du eller dina n\u00e4ra och k\u00e4ra alltid kan bes\u00f6ka och v\u00e5rda minnet tillsammans.  <\/p>\n<h3><strong>Koppla ihop v\u00e4nner och familj med ett omr\u00e5de med vackra minnen<\/strong><\/h3>\n<p>Nu kan du ocks\u00e5 l\u00e5ta v\u00e4nner och familjemedlemmar hj\u00e4lpa dig att v\u00e5rda minnena. QR Minnessidan \u00e4r ett enkelt s\u00e4tt att l\u00e4gga till foton och h\u00e4lsningar fr\u00e5n en minnesstund eller viktiga \u00f6gonblick i ditt liv. Med ditt tillst\u00e5nd kan dina n\u00e4ra och k\u00e4ra bara komma \u00e5t webbplatsen genom att skanna QR-koden. Du anger i inst\u00e4llningarna vem som kan l\u00e4gga till bilder och du godk\u00e4nner dem innan de publiceras.  P\u00e5 s\u00e5 s\u00e4tt kan dina n\u00e4ra och k\u00e4ra dela sina minnen tillsammans p\u00e5 en sida, enkelt och s\u00e4kert. En minnessida blir en plats d\u00e4r alla vackra stunder samlas och bevaras f\u00f6r alltid.<\/p>\n<h4><strong>Snyggt minnesm\u00e4rke, tillverkad i Finland<\/strong><\/h4>\n<p>QR-plaketten i metall \u00e4r tillverkad i Finland av h\u00e5llbara material och utformad f\u00f6r att passa elegant p\u00e5 en gravsten, minnesplats, i hemmet eller p\u00e5 n\u00e5gon annan minnesplats. QR-koden g\u00f6r det enkelt att komma \u00e5t minnessidan, och alla dina n\u00e4ra och k\u00e4ra kan \u00e5teruppleva de minnen som ni delade om och om igen &#8211; bara genom att skanna koden. <\/p>\n<h4><strong>Full kontroll \u00f6ver din minnesplats<\/strong><\/h4>\n<p>Du best\u00e4mmer vem som kan se och bidra till minnessidan. V\u00e4lj om dina minnen ska vara tillg\u00e4ngliga f\u00f6r alla eller bara f\u00f6r dem som st\u00e5r dig n\u00e4rmast. Du kan ocks\u00e5 godk\u00e4nna meddelanden och foton innan de publiceras, vilket s\u00e4kerst\u00e4ller att varje minne du delar med dig av \u00e4r speciellt och v\u00e4rdefullt. Alla uppgifter lagras p\u00e5 ett s\u00e4kert s\u00e4tt p\u00e5 en finsk server.   <\/p>\n<h4><strong>Skapa en evig minnesplats f\u00f6r din \u00e4lskade<\/strong><\/h4>\n<p>L\u00e5t inte de vackra minnena blekna. QR-minnessidan hj\u00e4lper dig att skapa en plats d\u00e4r \u00f6gonblicken fr\u00e5n dina n\u00e4ra och k\u00e4ra kan leva vidare f\u00f6r alltid. V\u00e4lj denna unika minnessak och g\u00f6r de viktigaste minnena till en del av din vardag &#8211; en plats du alltid kan \u00e5terv\u00e4nda till f\u00f6r att f\u00e5 tr\u00f6st och v\u00e4rme.<\/p>\n<p><strong>Julkampanj<\/strong> Dra nytta av det begr\u00e4nsade erbjudandet och f\u00e5 QR Memo-sidan nu till specialpriset 89 \u20ac + leverans 5 \u20ac (inkl. moms). Normalt pris: 119 euro. G\u00f6r det enkelt och prisv\u00e4rt att bevara dina minnen &#8211; best\u00e4ll din idag!<\/p>\n","protected":false},"excerpt":{"rendered":"<p data-pm-slice=\"1 1 []\"><strong>QR-minnessida &#8211; minnen som sparas f\u00f6r alltid<\/strong><\/p>\n<p>QR Memory Page \u00e4r ett vackert och enkelt s\u00e4tt att bevara minnena av dina n\u00e4ra och k\u00e4ra f\u00f6r alltid. QR-minnesstickan i metall som medf\u00f6ljer i festboxen \u00f6ppnar en port till en webbplats d\u00e4r familj och v\u00e4nner kan l\u00e4gga till foton och meddelanden om speciella \u00f6gonblick. G\u00f6r det enkelt att dela minnen och l\u00e5t dina n\u00e4ra och k\u00e4ra delta i att skapa ett gemensamt minne.<\/p>\n<p>Best\u00e4ll nu i julkampanjen till ett specialpris p\u00e5 89 \u20ac + leverans 5 \u20ac norm. 119 \u20ac<\/p>\n","protected":false},"featured_media":2208,"comment_status":"open","ping_status":"closed","template":"","meta":{"_kad_blocks_custom_css":"","_kad_blocks_head_custom_js":"","_kad_blocks_body_custom_js":"","_kad_blocks_footer_custom_js":"","_kadence_starter_templates_imported_post":false,"_kad_post_transparent":"default","_kad_post_title":"","_kad_post_layout":"default","_kad_post_sidebar_id":"","_kad_post_content_style":"default","_kad_post_vertical_padding":"default","_kad_post_feature":"","_kad_post_feature_position":"","_kad_post_header":false,"_kad_post_footer":false,"_kad_post_classname":""},"product_brand":[],"product_cat":[47],"product_tag":[57,54,55,122,121,53],"class_list":{"0":"post-1683","1":"product","2":"type-product","3":"status-publish","4":"has-post-thumbnail","6":"product_cat-qr-minnesdiskett","7":"product_tag-minnessida","8":"product_tag-plack","9":"product_tag-plakett-pa-en-gravsten","10":"product_tag-qr-kod-for-gravsten","11":"product_tag-qr-kod-gravsten-sv","12":"product_tag-qr-minne","14":"first","15":"instock","16":"sale","17":"taxable","18":"shipping-taxable","19":"purchasable","20":"product-type-variable","21":"has-default-attributes","22":"entry","23":"content-bg","24":"loop-entry"},"taxonomy_info":{"product_cat":[{"value":47,"label":"QR Minnesdiskett"}],"product_tag":[{"value":57,"label":"Minnessida"},{"value":54,"label":"plack"},{"value":55,"label":"plakett p\u00e5 en gravsten"},{"value":122,"label":"qr-kod f\u00f6r gravsten"},{"value":121,"label":"qr-kod gravsten"},{"value":53,"label":"qr-minne"}]},"featured_image_src_large":["https:\/\/qrmuisto.fi\/wp-content\/uploads\/2024\/08\/P16B3393-1024x1024.jpg",1024,1024,true],"author_info":[],"comment_info":0,"_links":{"self":[{"href":"https:\/\/qrmuisto.fi\/sv\/wp-json\/wp\/v2\/product\/1683","targetHints":{"allow":["GET"]}}],"collection":[{"href":"https:\/\/qrmuisto.fi\/sv\/wp-json\/wp\/v2\/product"}],"about":[{"href":"https:\/\/qrmuisto.fi\/sv\/wp-json\/wp\/v2\/types\/product"}],"replies":[{"embeddable":true,"href":"https:\/\/qrmuisto.fi\/sv\/wp-json\/wp\/v2\/comments?post=1683"}],"wp:featuredmedia":[{"embeddable":true,"href":"https:\/\/qrmuisto.fi\/sv\/wp-json\/wp\/v2\/media\/2208"}],"wp:attachment":[{"href":"https:\/\/qrmuisto.fi\/sv\/wp-json\/wp\/v2\/media?parent=1683"}],"wp:term":[{"taxonomy":"product_brand","embeddable":true,"href":"https:\/\/qrmuisto.fi\/sv\/wp-json\/wp\/v2\/product_brand?post=1683"},{"taxonomy":"product_cat","embeddable":true,"href":"https:\/\/qrmuisto.fi\/sv\/wp-json\/wp\/v2\/product_cat?post=1683"},{"taxonomy":"product_tag","embeddable":true,"href":"https:\/\/qrmuisto.fi\/sv\/wp-json\/wp\/v2\/product_tag?post=1683"}],"curies":[{"name":"wp","href":"https:\/\/api.w.org\/{rel}","templated":true}]}}