{"id":1816,"date":"2024-08-28T17:16:03","date_gmt":"2024-08-28T14:16:03","guid":{"rendered":"https:\/\/qrmuisto.fi\/integritetspolicy\/"},"modified":"2024-11-26T10:38:22","modified_gmt":"2024-11-26T08:38:22","slug":"integritetspolicy","status":"publish","type":"page","link":"https:\/\/qrmuisto.fi\/sv\/integritetspolicy\/","title":{"rendered":"Integritetspolicy"},"content":{"rendered":"\n<h2 class=\"wp-block-heading\">Vilka vi \u00e4r<\/h2>\n\n<p>Adressen till v\u00e5r webbplats \u00e4r: <a href=\"https:\/\/qrmuisto.fi\/sv\/\">https:\/\/qrmuisto.fi.<\/a><\/p>\n\n<p>F\u00f6retag: QR Memories Oy<\/p>\n\n<p>F\u00f6r information: info@qrmuisto.fi<\/p>\n\n<p>Personuppgiftsansvarig f\u00f6r registret: M\u00e5rten Lassfolk<\/p>\n\n<p>Kommentarer till<\/p>\n\n<p>N\u00e4r bes\u00f6kare l\u00e4mnar kommentarer p\u00e5 webbplatsen samlar vi in informationen i kommentarsformul\u00e4ret, liksom bes\u00f6karens IP-adress och webbl\u00e4sarens user agent-str\u00e4ng f\u00f6r att hj\u00e4lpa till att identifiera spam.<\/p>\n\n<p>En anonymiserad str\u00e4ng (\u00e4ven kallad hash) som genereras fr\u00e5n din e-postadress kan skickas till Gravatar f\u00f6r att se om du anv\u00e4nder den. Gravatars integritetspolicy finns tillg\u00e4nglig h\u00e4r: <a href=\"https:\/\/automattic.com\/privacy\/\" target=\"_blank\" rel=\"noopener\">https:\/\/automattic.com\/privacy\/.<\/a> N\u00e4r din kommentar har godk\u00e4nts kommer din profilbild att visas offentligt tillsammans med din kommentar.  <\/p>\n\n<p>Media<\/p>\n\n<p>F\u00f6reslagen text: Om du laddar upp bilder till en webbplats b\u00f6r du undvika att ladda upp bilder som inneh\u00e5ller inb\u00e4ddad platsinformation (EXIF GPS). Bes\u00f6kare p\u00e5 webbplatsen kan ladda ner och visa bildernas platsinformation. <\/p>\n\n<p>Kakor<\/p>\n\n<p>Om du l\u00e4mnar en kommentar p\u00e5 v\u00e5r webbplats kan du v\u00e4lja att ditt namn, din e-postadress och din webbplats ska sparas i cookies. Detta \u00e4r f\u00f6r din bekv\u00e4mlighet s\u00e5 att du inte beh\u00f6ver fylla i dina uppgifter igen n\u00e4r du l\u00e4mnar en ny kommentar. Dessa cookies sparas i ett \u00e5r.  <\/p>\n\n<p>Om du bes\u00f6ker v\u00e5r inloggningssida s\u00e4tter vi en tillf\u00e4llig cookie f\u00f6r att se om din webbl\u00e4sare accepterar cookies. Denna cookie inneh\u00e5ller ingen personlig information och kommer att raderas n\u00e4r du st\u00e4nger din webbl\u00e4sare. <\/p>\n\n<p>N\u00e4r du loggar in s\u00e4tter vi ocks\u00e5 ett antal cookies f\u00f6r att lagra din inloggningsinformation och dina visningsinst\u00e4llningar. Inloggningscookies sparas i tv\u00e5 dagar och cookies f\u00f6r visningsinst\u00e4llningar i ett \u00e5r. Om du v\u00e4ljer &#8221;Kom ih\u00e5g mig&#8221; sparas din inloggning i tv\u00e5 veckor. Om du loggar ut fr\u00e5n ditt konto kommer dina inloggningscookies att raderas.   <\/p>\n\n<p>Om du redigerar eller publicerar en artikel kommer ytterligare en cookie att lagras i din webbl\u00e4sare. Denna cookie inneh\u00e5ller ingen personlig information och visar endast postnumret f\u00f6r den artikel du redigerar. Den upph\u00f6r att g\u00e4lla efter en dag.  <\/p>\n\n<p>Inb\u00e4ddat inneh\u00e5ll fr\u00e5n andra webbplatser<\/p>\n\n<p>F\u00f6reslagen text: Artiklar p\u00e5 denna webbplats kan inneh\u00e5lla inb\u00e4ddat inneh\u00e5ll (t.ex. videor, bilder, artiklar etc.). Inb\u00e4ddat inneh\u00e5ll fr\u00e5n andra webbplatser fungerar p\u00e5 samma s\u00e4tt som om bes\u00f6karen hade bes\u00f6kt den andra webbplatsen. <\/p>\n\n<p>Dessa webbplatser kan samla in information om dig, anv\u00e4nda cookies, b\u00e4dda in sp\u00e5rningsapplikationer fr\u00e5n tredje part och sp\u00e5ra din interaktion med inb\u00e4ddat inneh\u00e5ll, inklusive sp\u00e5rning av om du har ett konto och \u00e4r inloggad p\u00e5 den webbplatsen.<\/p>\n\n<p>Vem vi delar dina uppgifter med<\/p>\n\n<p>Om du beg\u00e4r en \u00e5terst\u00e4llning av l\u00f6senordet kommer din IP-adress att inkluderas i e-postmeddelandet om \u00e5terst\u00e4llning.<\/p>\n\n<p>Hur l\u00e4nge vi sparar dina uppgifter<\/p>\n\n<p>Om du l\u00e4mnar en kommentar kommer kommentaren och dess metadata att sparas p\u00e5 obest\u00e4md tid. Detta g\u00f6r att vi automatiskt kan identifiera och godk\u00e4nna efterf\u00f6ljande kommentarer i st\u00e4llet f\u00f6r att h\u00e5lla dem i modereringsk\u00f6n. <\/p>\n\n<p>Om anv\u00e4ndare registrerar sig p\u00e5 v\u00e5r webbplats (om n\u00e5gon) lagrar vi ocks\u00e5 den personliga information som de tillhandah\u00e5ller i sin anv\u00e4ndarprofil. Alla anv\u00e4ndare kan n\u00e4r som helst se, redigera eller radera sina personuppgifter (med undantag f\u00f6r att de inte kan \u00e4ndra sitt anv\u00e4ndarnamn). Webbplatsadministrat\u00f6rer kan ocks\u00e5 se och redigera denna information.  <\/p>\n\n<p>Vilka r\u00e4ttigheter har du till dina uppgifter?<\/p>\n\n<p>F\u00f6reslagen text: Om du har ett konto p\u00e5 den h\u00e4r webbplatsen eller har l\u00e4mnat kommentarer kan du beg\u00e4ra en exportfil med de personuppgifter vi har om dig, inklusive all information som du har l\u00e4mnat till oss. Du kan ocks\u00e5 beg\u00e4ra att vi raderar all personlig information vi har om dig. Detta omfattar inte information som vi \u00e4r skyldiga att beh\u00e5lla av administrativa, juridiska eller s\u00e4kerhetssk\u00e4l.  <\/p>\n\n<p>Vart dina uppgifter skickas<\/p>\n\n<p>Bes\u00f6karnas kommentarer kan kontrolleras genom en automatiserad tj\u00e4nst f\u00f6r uppt\u00e4ckt av skr\u00e4ppost.<\/p>\n","protected":false},"excerpt":{"rendered":"<p>Vilka vi \u00e4r Adressen till v\u00e5r webbplats \u00e4r: https:\/\/qrmuisto.fi. F\u00f6retag: QR Memories Oy F\u00f6r information: info@qrmuisto.fi Personuppgiftsansvarig f\u00f6r registret: M\u00e5rten Lassfolk Kommentarer till N\u00e4r bes\u00f6kare l\u00e4mnar kommentarer p\u00e5 webbplatsen samlar vi in informationen i kommentarsformul\u00e4ret, liksom bes\u00f6karens IP-adress och webbl\u00e4sarens user agent-str\u00e4ng f\u00f6r att hj\u00e4lpa till att identifiera spam. En anonymiserad str\u00e4ng (\u00e4ven kallad hash)&#8230;<\/p>\n","protected":false},"author":1,"featured_media":0,"parent":0,"menu_order":0,"comment_status":"closed","ping_status":"closed","template":"","meta":{"_kad_blocks_custom_css":"","_kad_blocks_head_custom_js":"","_kad_blocks_body_custom_js":"","_kad_blocks_footer_custom_js":"","_kadence_starter_templates_imported_post":false,"_kad_post_transparent":"","_kad_post_title":"","_kad_post_layout":"","_kad_post_sidebar_id":"","_kad_post_content_style":"","_kad_post_vertical_padding":"","_kad_post_feature":"","_kad_post_feature_position":"","_kad_post_header":false,"_kad_post_footer":false,"_kad_post_classname":"","footnotes":""},"class_list":["post-1816","page","type-page","status-publish","hentry"],"taxonomy_info":[],"featured_image_src_large":false,"author_info":{"display_name":"admin","author_link":"https:\/\/qrmuisto.fi\/sv\/author\/admin\/"},"comment_info":0,"_links":{"self":[{"href":"https:\/\/qrmuisto.fi\/sv\/wp-json\/wp\/v2\/pages\/1816","targetHints":{"allow":["GET"]}}],"collection":[{"href":"https:\/\/qrmuisto.fi\/sv\/wp-json\/wp\/v2\/pages"}],"about":[{"href":"https:\/\/qrmuisto.fi\/sv\/wp-json\/wp\/v2\/types\/page"}],"author":[{"embeddable":true,"href":"https:\/\/qrmuisto.fi\/sv\/wp-json\/wp\/v2\/users\/1"}],"replies":[{"embeddable":true,"href":"https:\/\/qrmuisto.fi\/sv\/wp-json\/wp\/v2\/comments?post=1816"}],"version-history":[{"count":2,"href":"https:\/\/qrmuisto.fi\/sv\/wp-json\/wp\/v2\/pages\/1816\/revisions"}],"predecessor-version":[{"id":1818,"href":"https:\/\/qrmuisto.fi\/sv\/wp-json\/wp\/v2\/pages\/1816\/revisions\/1818"}],"wp:attachment":[{"href":"https:\/\/qrmuisto.fi\/sv\/wp-json\/wp\/v2\/media?parent=1816"}],"curies":[{"name":"wp","href":"https:\/\/api.w.org\/{rel}","templated":true}]}}